{"id":1893,"date":"2015-12-19T11:41:14","date_gmt":"2015-12-19T11:41:14","guid":{"rendered":"http:\/\/mediacritica.md\/?page_id=1893"},"modified":"2016-07-08T12:12:57","modified_gmt":"2016-07-08T12:12:57","slug":"despre-noi","status":"publish","type":"page","link":"https:\/\/old.mediacritica.md\/ro\/despre-noi\/","title":{"rendered":"Despre noi"},"content":{"rendered":"<p><strong>Mediacritica.md<\/strong> este un portal informativ administrat de Centrul pentru Jurnalism Independent, care combate fenomenul propagandei \u0219i al manipul\u0103rii \u00een pres\u0103, \u0219i dezvolt\u0103 spiritul critic al consumatorilor de media din Republica Moldova.<\/p>\n<p>Portalul a fost realizat \u00een cadrul Campaniei media \u00eempotriva informa\u0163iei false \u015fi tenden\u0163ioase \u2013 <a href=\"http:\/\/api.md\/category\/stop-fals\">STOP FALS<\/a>!, desf\u0103\u015furat\u0103 de Asocia\u0163ia Presei Independente (API), Centrul pentru Jurnalism Independent (CJI) \u015fi Asocia\u021bia VIP a Telejurnali\u0219tilor Independen\u021bi din Moldova (ATVJI).<\/p>\n<p><strong>Misiunea<\/strong> Mediacritica este s\u0103 contribuie la cultivarea spiritului critic al consumatorilor de pres\u0103 din Republica Moldova, prin reperarea cazurilor de propagand\u0103 \u0219i de manipulare din mass-media.<\/p>\n<p><strong>Mediacritica<\/strong> \u00ee\u0219i propune, astfel, s\u0103 sporeasc\u0103 gradul de con\u0219tientizare a consumatorilor de media \u00een materie de con\u021binut jurnalistic \u0219i s\u0103 devin\u0103 un site de referin\u021b\u0103 din Moldova, care combate dezinformarea \u0219i propaganda proliferate prin intermediul mijloacelor de informare \u00een mas\u0103.<\/p>\n<p><strong>Con\u0163inut \u015fi structur\u0103 <\/strong><\/p>\n<p><strong>Mediacritica.md<\/strong> public\u0103 \u0219tiri, analize, comentarii, studii de caz, care sunt structurate \u00een cadrul a cinci categorii\/rubrici: <strong><em><a href=\"https:\/\/old.mediacritica.md\/filtreaza-informatia\/\">Filtreaz\u0103 informa\u021bia!<\/a>, <a href=\"https:\/\/old.mediacritica.md\/category\/actiuni\/\">Ac\u021biuni<\/a>, <a href=\"https:\/\/old.mediacritica.md\/category\/media-in-vizor\/\">Media \u00een vizor<\/a>, <a href=\"https:\/\/old.mediacritica.md\/category\/observator\/\">Observator<\/a><\/em><\/strong> \u0219i <a href=\"https:\/\/old.mediacritica.md\/category\/abc-ul-presei\/\"><strong><em>ABC-ul presei<\/em><\/strong><\/a>. De asemenea, <strong>Mediacritica<\/strong> va publica <a href=\"https:\/\/old.mediacritica.md\/video\/\">video-uri<\/a> \u0219i va oferi cititorilor s\u0103i posibilitatea de a-\u0219i testa cuno\u0219tin\u021bele \u00een domeniul mass-media prin intermediul unor jocuri interactive.<\/p>\n<p><a href=\"https:\/\/old.mediacritica.md\/filtreaza-informatia\/\">Filtreaz\u0103 informa\u0163ia!<\/a> prezint\u0103 o selec\u0163ie de trei \u015ftiri care trateaz\u0103 acela\u015fi subiect. \u00cens\u0103, doar una dintre aceste \u015ftiri corespunde standardelor jurnalistice.<\/p>\n<p><a href=\"https:\/\/old.mediacritica.md\/category\/actiuni\/\">Ac\u0163iuni<\/a> prezint\u0103 evenimentele organizate de CJI \u015fi parteneri no\u015ftri, API \u015fi ATJI \u00een cadrul proiectului Campaniei media \u00eempotriva informa\u0163iei false \u015fi tenden\u0163ioase.<\/p>\n<p><a href=\"https:\/\/old.mediacritica.md\/category\/media-in-vizor\/\">Media \u00een vizor<\/a> prezint\u0103 exemple de \u015ftiri, realizate cu derapaje de la Ghidul cu norme etice \u015fi alte norme jurnalistice.<\/p>\n<p><a href=\"https:\/\/old.mediacritica.md\/category\/observator\/\">Observator<\/a> este rubrica ce g\u0103zduie\u015fte studii de caz \u015fi comentarii realizate de c\u0103tre diver\u015fi exper\u0163i media despre felul \u00een care presa manipuleaz\u0103 \u015fi face propagand\u0103.<\/p>\n<p><a href=\"https:\/\/old.mediacritica.md\/category\/abc-ul-presei\/\"><em>ABC-ul presei<\/em><\/a> este un \u201edic\u0163ionar specializat\u201d ce con\u0163ine video-uri \u015fi articole care explic\u0103 principiile pe care este construit\u0103 presa \u015fi modul \u00een care func\u0163ioneaz\u0103 media.<\/p>\n<p><strong>Valori<\/strong><\/p>\n<ul>\n<li>Inform\u0103m corect \u0219i impar\u021bial<\/li>\n<li>Condamn\u0103m propaganda de orice culoare \u0219i manipularea din mass-media<\/li>\n<li>Pled\u0103m pentru o pres\u0103 profesionist\u0103, independent\u0103 \u0219i echidistant\u0103<\/li>\n<\/ul>\n<p>&nbsp;<\/p>","protected":false},"excerpt":{"rendered":"<p>Mediacritica.md este un portal informativ administrat de Centrul pentru Jurnalism Independent, care combate fenomenul propagandei \u0219i al manipul\u0103rii \u00een pres\u0103, \u0219i dezvolt\u0103 spiritul critic al consumatorilor de media din Republica Moldova. Portalul a fost realizat \u00een cadrul Campaniei media \u00eempotriva informa\u0163iei false \u015fi tenden\u0163ioase \u2013 STOP FALS!, desf\u0103\u015furat\u0103 de Asocia\u0163ia Presei Independente (API), Centrul pentru<\/p>\n<div class=\"read-more\"><a href=\"https:\/\/old.mediacritica.md\/ro\/despre-noi\/\" title=\"Mai mult\">Mai mult<\/a><\/div>\n","protected":false},"author":1,"featured_media":0,"parent":0,"menu_order":0,"comment_status":"closed","ping_status":"closed","template":"","meta":[],"yoast_head":"<!-- This site is optimized with the Yoast SEO plugin v14.9 - https:\/\/yoast.com\/wordpress\/plugins\/seo\/ -->\n<meta name=\"robots\" content=\"index, follow, max-snippet:-1, max-image-preview:large, max-video-preview:-1\" \/>\n<link rel=\"canonical\" href=\"https:\/\/old.mediacritica.md\/ro\/despre-noi\/\" \/>\n<meta property=\"og:locale\" content=\"ro_RO\" \/>\n<meta property=\"og:type\" content=\"article\" \/>\n<meta property=\"og:title\" content=\"Despre noi - Mediacritica\" \/>\n<meta property=\"og:description\" content=\"Mediacritica.md este un portal informativ administrat de Centrul pentru Jurnalism Independent, care combate fenomenul propagandei \u0219i al manipul\u0103rii \u00een pres\u0103, \u0219i dezvolt\u0103 spiritul critic al consumatorilor de media din Republica Moldova. Portalul a fost realizat \u00een cadrul Campaniei media \u00eempotriva informa\u0163iei false \u015fi tenden\u0163ioase \u2013 STOP FALS!, desf\u0103\u015furat\u0103 de Asocia\u0163ia Presei Independente (API), Centrul pentruMai mult\" \/>\n<meta property=\"og:url\" content=\"https:\/\/old.mediacritica.md\/ro\/despre-noi\/\" \/>\n<meta property=\"og:site_name\" content=\"Mediacritica\" \/>\n<meta property=\"article:modified_time\" content=\"2016-07-08T12:12:57+00:00\" \/>\n<meta property=\"og:image\" content=\"https:\/\/old.mediacritica.md\/wp-content\/uploads\/2016\/03\/mediacritica.jpg\" \/>\n\t<meta property=\"og:image:width\" content=\"1235\" \/>\n\t<meta property=\"og:image:height\" content=\"938\" \/>\n<meta name=\"twitter:card\" content=\"summary\" \/>\n<script type=\"application\/ld+json\" class=\"yoast-schema-graph\">{\"@context\":\"https:\/\/schema.org\",\"@graph\":[{\"@type\":\"WebSite\",\"@id\":\"https:\/\/old.mediacritica.md\/ro\/#website\",\"url\":\"https:\/\/old.mediacritica.md\/ro\/\",\"name\":\"Mediacritica\",\"description\":\"\",\"potentialAction\":[{\"@type\":\"SearchAction\",\"target\":\"https:\/\/old.mediacritica.md\/ro\/?s={search_term_string}\",\"query-input\":\"required name=search_term_string\"}],\"inLanguage\":\"ro-RO\"},{\"@type\":\"WebPage\",\"@id\":\"https:\/\/old.mediacritica.md\/ro\/despre-noi\/#webpage\",\"url\":\"https:\/\/old.mediacritica.md\/ro\/despre-noi\/\",\"name\":\"Despre noi - Mediacritica\",\"isPartOf\":{\"@id\":\"https:\/\/old.mediacritica.md\/ro\/#website\"},\"datePublished\":\"2015-12-19T11:41:14+00:00\",\"dateModified\":\"2016-07-08T12:12:57+00:00\",\"inLanguage\":\"ro-RO\",\"potentialAction\":[{\"@type\":\"ReadAction\",\"target\":[\"https:\/\/old.mediacritica.md\/ro\/despre-noi\/\"]}]}]}<\/script>\n<!-- \/ Yoast SEO plugin. -->","_links":{"self":[{"href":"https:\/\/old.mediacritica.md\/ro\/wp-json\/wp\/v2\/pages\/1893"}],"collection":[{"href":"https:\/\/old.mediacritica.md\/ro\/wp-json\/wp\/v2\/pages"}],"about":[{"href":"https:\/\/old.mediacritica.md\/ro\/wp-json\/wp\/v2\/types\/page"}],"author":[{"embeddable":true,"href":"https:\/\/old.mediacritica.md\/ro\/wp-json\/wp\/v2\/users\/1"}],"replies":[{"embeddable":true,"href":"https:\/\/old.mediacritica.md\/ro\/wp-json\/wp\/v2\/comments?post=1893"}],"version-history":[{"count":23,"href":"https:\/\/old.mediacritica.md\/ro\/wp-json\/wp\/v2\/pages\/1893\/revisions"}],"predecessor-version":[{"id":4090,"href":"https:\/\/old.mediacritica.md\/ro\/wp-json\/wp\/v2\/pages\/1893\/revisions\/4090"}],"wp:attachment":[{"href":"https:\/\/old.mediacritica.md\/ro\/wp-json\/wp\/v2\/media?parent=1893"}],"curies":[{"name":"wp","href":"https:\/\/api.w.org\/{rel}","templated":true}]}}