{"id":1891,"date":"2015-12-19T11:40:58","date_gmt":"2015-12-19T11:40:58","guid":{"rendered":"http:\/\/mediacritica.md\/?page_id=1891"},"modified":"2016-02-14T11:29:01","modified_gmt":"2016-02-14T11:29:01","slug":"misiune","status":"publish","type":"page","link":"https:\/\/old.mediacritica.md\/ro\/misiune\/","title":{"rendered":"Misiune"},"content":{"rendered":"<p><strong>Misiunea<\/strong> Mediacritica este s\u0103 contribuie la cultivarea spiritului critic al consumatorilor de pres\u0103 din Republica Moldova, prin reperarea cazurilor de propagand\u0103 \u0219i de manipulare din mass-media.<\/p>","protected":false},"excerpt":{"rendered":"<p>Misiunea Mediacritica este s\u0103 contribuie la cultivarea spiritului critic al consumatorilor de pres\u0103 din Republica Moldova, prin reperarea cazurilor de propagand\u0103 \u0219i de manipulare din mass-media.<\/p>\n","protected":false},"author":1,"featured_media":0,"parent":0,"menu_order":0,"comment_status":"closed","ping_status":"closed","template":"","meta":[],"yoast_head":"<!-- This site is optimized with the Yoast SEO plugin v14.9 - https:\/\/yoast.com\/wordpress\/plugins\/seo\/ -->\n<meta name=\"robots\" content=\"index, follow, max-snippet:-1, max-image-preview:large, max-video-preview:-1\" \/>\n<link rel=\"canonical\" href=\"https:\/\/old.mediacritica.md\/ru\/misiune\/\" \/>\n<meta property=\"og:locale\" content=\"ro_RO\" \/>\n<meta property=\"og:type\" content=\"article\" \/>\n<meta property=\"og:title\" content=\"Misiune - Mediacritica\" \/>\n<meta property=\"og:description\" content=\"Misiunea Mediacritica este s\u0103 contribuie la cultivarea spiritului critic al consumatorilor de pres\u0103 din Republica Moldova, prin reperarea cazurilor de propagand\u0103 \u0219i de manipulare din mass-media.\" \/>\n<meta property=\"og:url\" content=\"https:\/\/old.mediacritica.md\/ru\/misiune\/\" \/>\n<meta property=\"og:site_name\" content=\"Mediacritica\" \/>\n<meta property=\"article:modified_time\" content=\"2016-02-14T11:29:01+00:00\" \/>\n<meta property=\"og:image\" content=\"https:\/\/old.mediacritica.md\/wp-content\/uploads\/2016\/03\/mediacritica.jpg\" \/>\n\t<meta property=\"og:image:width\" content=\"1235\" \/>\n\t<meta property=\"og:image:height\" content=\"938\" \/>\n<meta name=\"twitter:card\" content=\"summary\" \/>\n<script type=\"application\/ld+json\" class=\"yoast-schema-graph\">{\"@context\":\"https:\/\/schema.org\",\"@graph\":[{\"@type\":\"WebSite\",\"@id\":\"https:\/\/old.mediacritica.md\/ro\/#website\",\"url\":\"https:\/\/old.mediacritica.md\/ro\/\",\"name\":\"Mediacritica\",\"description\":\"\",\"potentialAction\":[{\"@type\":\"SearchAction\",\"target\":\"https:\/\/old.mediacritica.md\/ro\/?s={search_term_string}\",\"query-input\":\"required name=search_term_string\"}],\"inLanguage\":\"ro-RO\"},{\"@type\":\"WebPage\",\"@id\":\"https:\/\/old.mediacritica.md\/ru\/misiune\/#webpage\",\"url\":\"https:\/\/old.mediacritica.md\/ru\/misiune\/\",\"name\":\"Misiune - Mediacritica\",\"isPartOf\":{\"@id\":\"https:\/\/old.mediacritica.md\/ro\/#website\"},\"datePublished\":\"2015-12-19T11:40:58+00:00\",\"dateModified\":\"2016-02-14T11:29:01+00:00\",\"inLanguage\":\"ro-RO\",\"potentialAction\":[{\"@type\":\"ReadAction\",\"target\":[\"https:\/\/old.mediacritica.md\/ru\/misiune\/\"]}]}]}<\/script>\n<!-- \/ Yoast SEO plugin. -->","_links":{"self":[{"href":"https:\/\/old.mediacritica.md\/ro\/wp-json\/wp\/v2\/pages\/1891"}],"collection":[{"href":"https:\/\/old.mediacritica.md\/ro\/wp-json\/wp\/v2\/pages"}],"about":[{"href":"https:\/\/old.mediacritica.md\/ro\/wp-json\/wp\/v2\/types\/page"}],"author":[{"embeddable":true,"href":"https:\/\/old.mediacritica.md\/ro\/wp-json\/wp\/v2\/users\/1"}],"replies":[{"embeddable":true,"href":"https:\/\/old.mediacritica.md\/ro\/wp-json\/wp\/v2\/comments?post=1891"}],"version-history":[{"count":5,"href":"https:\/\/old.mediacritica.md\/ro\/wp-json\/wp\/v2\/pages\/1891\/revisions"}],"predecessor-version":[{"id":2555,"href":"https:\/\/old.mediacritica.md\/ro\/wp-json\/wp\/v2\/pages\/1891\/revisions\/2555"}],"wp:attachment":[{"href":"https:\/\/old.mediacritica.md\/ro\/wp-json\/wp\/v2\/media?parent=1891"}],"curies":[{"name":"wp","href":"https:\/\/api.w.org\/{rel}","templated":true}]}}